{"id":8,"date":"2017-03-13T14:37:04","date_gmt":"2017-03-13T13:37:04","guid":{"rendered":"http:\/\/portfolio.einfacheswebdesign.de\/?page_id=8"},"modified":"2023-11-14T21:24:50","modified_gmt":"2023-11-14T20:24:50","slug":"home","status":"publish","type":"page","link":"https:\/\/portfolio.einfacheswebdesign.de\/","title":{"rendered":"Startseite"},"content":{"rendered":"<div class=\"wp-block-image\">\n<figure class=\"alignleft\"><img loading=\"lazy\" decoding=\"async\" width=\"225\" height=\"300\" src=\"http:\/\/portfolio.einfacheswebdesign.de\/uploads\/2017\/03\/Pasfoto2011_small-e1492024977256-225x300.jpg\" alt=\"\" class=\"wp-image-142\" srcset=\"https:\/\/portfolio.einfacheswebdesign.de\/uploads\/2017\/03\/Pasfoto2011_small-e1492024977256-225x300.jpg 225w, https:\/\/portfolio.einfacheswebdesign.de\/uploads\/2017\/03\/Pasfoto2011_small-e1492024977256-113x150.jpg 113w, https:\/\/portfolio.einfacheswebdesign.de\/uploads\/2017\/03\/Pasfoto2011_small-e1492024977256.jpg 634w\" sizes=\"(max-width: 225px) 100vw, 225px\" \/><\/figure><\/div>\n\n\n<p>Diese kleine Webseite stellt meinen Lebenslauf dar.<\/p>\n\n\n\n<p>Mein Leben hat allerdings keinen linearen Verlauf genommen. Man kann es als ein vielf\u00e4ltiges Leben bezeichnen.<\/p>\n\n\n\n<p>Gro\u00dfe Teile meines Lebens war ich beruflich nur teilzeitbesch\u00e4ftigt und habe mich anderweitig sozial und \u00f6kologisch eingesetzt.<\/p>\n\n\n\n<p>Seit den letzten vier Jahren meines Lebens wohne ich in einer \u00f6kologischen orientierten Lebensgemeinschaft. Mein Leben ist darauf ausgerichtet diese Vision mitzutragen und weiter zu entwickeln.<\/p>\n\n\n\n<p><a href=\"http:\/\/portfolio.einfacheswebdesign.de\/?page_id=227\">Hier<\/a> geht es zum Drucken den ganzen Lebenslauf und eine englische Version gibt es <a href=\"https:\/\/portfolio-en.einfacheswebdesign.de\">hier<\/a><\/p>\n","protected":false},"excerpt":{"rendered":"<p>Diese kleine Webseite stellt meinen Lebenslauf dar. Mein Leben hat allerdings keinen linearen Verlauf genommen. Man kann es als ein vielf\u00e4ltiges Leben bezeichnen. Gro\u00dfe Teile meines Lebens war ich beruflich nur teilzeitbesch\u00e4ftigt und habe mich anderweitig sozial und \u00f6kologisch eingesetzt. Seit den letzten vier Jahren meines Lebens wohne ich in einer \u00f6kologischen orientierten Lebensgemeinschaft. Mein [&hellip;]<\/p>\n","protected":false},"author":1,"featured_media":0,"parent":0,"menu_order":0,"comment_status":"closed","ping_status":"closed","template":"","meta":{"footnotes":""},"_links":{"self":[{"href":"https:\/\/portfolio.einfacheswebdesign.de\/index.php?rest_route=\/wp\/v2\/pages\/8"}],"collection":[{"href":"https:\/\/portfolio.einfacheswebdesign.de\/index.php?rest_route=\/wp\/v2\/pages"}],"about":[{"href":"https:\/\/portfolio.einfacheswebdesign.de\/index.php?rest_route=\/wp\/v2\/types\/page"}],"author":[{"embeddable":true,"href":"https:\/\/portfolio.einfacheswebdesign.de\/index.php?rest_route=\/wp\/v2\/users\/1"}],"replies":[{"embeddable":true,"href":"https:\/\/portfolio.einfacheswebdesign.de\/index.php?rest_route=%2Fwp%2Fv2%2Fcomments&post=8"}],"version-history":[{"count":3,"href":"https:\/\/portfolio.einfacheswebdesign.de\/index.php?rest_route=\/wp\/v2\/pages\/8\/revisions"}],"predecessor-version":[{"id":388,"href":"https:\/\/portfolio.einfacheswebdesign.de\/index.php?rest_route=\/wp\/v2\/pages\/8\/revisions\/388"}],"wp:attachment":[{"href":"https:\/\/portfolio.einfacheswebdesign.de\/index.php?rest_route=%2Fwp%2Fv2%2Fmedia&parent=8"}],"curies":[{"name":"wp","href":"https:\/\/api.w.org\/{rel}","templated":true}]}}