{"id":136,"date":"2017-04-12T21:07:00","date_gmt":"2017-04-12T19:07:00","guid":{"rendered":"http:\/\/portfolio.einfacheswebdesign.de\/?page_id=136"},"modified":"2023-11-13T10:08:04","modified_gmt":"2023-11-13T09:08:04","slug":"known","status":"publish","type":"page","link":"https:\/\/portfolio.einfacheswebdesign.de\/?page_id=136","title":{"rendered":"Kenntnisse &#038; F\u00e4higkeiten"},"content":{"rendered":"<p class=\"list-indeed-western\"><em><strong>Sprache:<\/strong><\/em><\/p>\n<p class=\"list-indeed-western\"><em>Deutsch<\/em>: Schriftlich gut und m\u00fcndlich sehr <span lang=\"de-DE\">gut<br \/>\n<\/span><em>Niederl\u00e4ndisch<\/em>: Muttersprache<br \/>\n<em>Englisch<\/em>: Schriftlich gut und m\u00fcndlich sehr gut<\/p>\n<p class=\"list-indeed-western\"><em><strong>F\u00fchrerschein:<\/strong><\/em><\/p>\n<p class=\"list-indeed-western\">Klasse B<\/p>\n","protected":false},"excerpt":{"rendered":"<p>Sprache: Deutsch: Schriftlich gut und m\u00fcndlich sehr gut Niederl\u00e4ndisch: Muttersprache Englisch: Schriftlich gut und m\u00fcndlich sehr gut F\u00fchrerschein: Klasse B<\/p>\n","protected":false},"author":1,"featured_media":0,"parent":0,"menu_order":0,"comment_status":"closed","ping_status":"closed","template":"page.php","meta":{"footnotes":""},"_links":{"self":[{"href":"https:\/\/portfolio.einfacheswebdesign.de\/index.php?rest_route=\/wp\/v2\/pages\/136"}],"collection":[{"href":"https:\/\/portfolio.einfacheswebdesign.de\/index.php?rest_route=\/wp\/v2\/pages"}],"about":[{"href":"https:\/\/portfolio.einfacheswebdesign.de\/index.php?rest_route=\/wp\/v2\/types\/page"}],"author":[{"embeddable":true,"href":"https:\/\/portfolio.einfacheswebdesign.de\/index.php?rest_route=\/wp\/v2\/users\/1"}],"replies":[{"embeddable":true,"href":"https:\/\/portfolio.einfacheswebdesign.de\/index.php?rest_route=%2Fwp%2Fv2%2Fcomments&post=136"}],"version-history":[{"count":3,"href":"https:\/\/portfolio.einfacheswebdesign.de\/index.php?rest_route=\/wp\/v2\/pages\/136\/revisions"}],"predecessor-version":[{"id":214,"href":"https:\/\/portfolio.einfacheswebdesign.de\/index.php?rest_route=\/wp\/v2\/pages\/136\/revisions\/214"}],"wp:attachment":[{"href":"https:\/\/portfolio.einfacheswebdesign.de\/index.php?rest_route=%2Fwp%2Fv2%2Fmedia&parent=136"}],"curies":[{"name":"wp","href":"https:\/\/api.w.org\/{rel}","templated":true}]}}